{"id":9,"date":"2007-11-27T21:29:53","date_gmt":"2007-11-27T20:29:53","guid":{"rendered":"http:\/\/www.rudolstadt-web.de\/SE\/?page_id=9"},"modified":"2010-12-23T19:24:28","modified_gmt":"2010-12-23T18:24:28","slug":"stucke","status":"publish","type":"page","link":"http:\/\/www.schillers-erben.info\/?page_id=9","title":{"rendered":"ST\u00dcCKE"},"content":{"rendered":"<p>Diese Seite ist als eine \u00dcbersicht aller\u00a0 St\u00fccke\u00a0 zu verstehen, die seit 2001 durch die verschiedenen Gruppen entwickelt und aufgef\u00fchrt wurden. Genauere Beschreibungen sind in Arbeit; Video- und Bildmaterial ist teilweise bereits verf\u00fcgbar ( erg\u00e4nzende Privataufnahmen werden \u00dcbrigens dankbar entgegengenommen!).<\/p>\n<p>We proudly present- in alphabetischer Reihenfolge:<\/p>\n<ul>\n<li>AK 2056<\/li>\n<li>Chefsache<\/li>\n<li>Die Andere(n)<\/li>\n<li>Die gr\u00fcne Krawatte<\/li>\n<li>Die Rechenaufgabe<\/li>\n<li>Gut (v)erzogen<\/li>\n<li>Karla Kolumna und die Dichter<\/li>\n<li>Kleine Fluchten<\/li>\n<li>Lebensplanung<\/li>\n<li>Mensch, Schiller &#8211; Geschenke f\u00fcr Fritz<\/li>\n<li>Perspek-Tiefen<\/li>\n<li>Phinchens Entscheidung<\/li>\n<li>R\u00fcckblende<\/li>\n<li>Todesspiele<\/li>\n<\/ul>\n","protected":false},"excerpt":{"rendered":"<p>Diese Seite ist als eine \u00dcbersicht aller\u00a0 St\u00fccke\u00a0 zu verstehen, die seit 2001 durch die verschiedenen Gruppen entwickelt und aufgef\u00fchrt wurden. Genauere Beschreibungen sind in Arbeit; Video- und Bildmaterial ist teilweise bereits verf\u00fcgbar ( erg\u00e4nzende Privataufnahmen werden \u00dcbrigens dankbar entgegengenommen!). We proudly present- in alphabetischer Reihenfolge: AK 2056 Chefsache Die Andere(n) Die gr\u00fcne Krawatte Die [&hellip;]<\/p>\n","protected":false},"author":1,"featured_media":0,"parent":0,"menu_order":2,"comment_status":"closed","ping_status":"open","template":"","meta":{"footnotes":""},"class_list":["post-9","page","type-page","status-publish","hentry"],"_links":{"self":[{"href":"http:\/\/www.schillers-erben.info\/index.php?rest_route=\/wp\/v2\/pages\/9","targetHints":{"allow":["GET"]}}],"collection":[{"href":"http:\/\/www.schillers-erben.info\/index.php?rest_route=\/wp\/v2\/pages"}],"about":[{"href":"http:\/\/www.schillers-erben.info\/index.php?rest_route=\/wp\/v2\/types\/page"}],"author":[{"embeddable":true,"href":"http:\/\/www.schillers-erben.info\/index.php?rest_route=\/wp\/v2\/users\/1"}],"replies":[{"embeddable":true,"href":"http:\/\/www.schillers-erben.info\/index.php?rest_route=%2Fwp%2Fv2%2Fcomments&post=9"}],"version-history":[{"count":0,"href":"http:\/\/www.schillers-erben.info\/index.php?rest_route=\/wp\/v2\/pages\/9\/revisions"}],"wp:attachment":[{"href":"http:\/\/www.schillers-erben.info\/index.php?rest_route=%2Fwp%2Fv2%2Fmedia&parent=9"}],"curies":[{"name":"wp","href":"https:\/\/api.w.org\/{rel}","templated":true}]}}