{"id":7,"date":"2007-11-27T21:29:26","date_gmt":"2007-11-27T20:29:26","guid":{"rendered":"http:\/\/www.rudolstadt-web.de\/SE\/?page_id=7"},"modified":"2010-12-23T17:18:08","modified_gmt":"2010-12-23T16:18:08","slug":"culture-club","status":"publish","type":"page","link":"http:\/\/www.schillers-erben.info\/?page_id=7","title":{"rendered":"&#8211; Culture Club"},"content":{"rendered":"<p>Culture Club war die erste Theatergruppe, die sich an der Schillerschule formiert hat.<\/p>\n<p>Folgende St\u00fccke wurden erarbeitet und aufgef\u00fchrt:<\/p>\n<ul>\n<li><a href=\"http:\/\/www.rudolstadt-web.de\/SE\/?p=71\">Toleranz<\/a><\/li>\n<li><a href=\"http:\/\/www.rudolstadt-web.de\/SE\/?p=72\">Todesspiele<\/a><\/li>\n<li>Menschliches<\/li>\n<li><a href=\"http:\/\/www.schillers-erben.info\/?page_id=70&amp;album=3&amp;gallery=8\">Bilder zum Sch\u00fclertheatertreffen aus dem Jahr 2002<\/a><\/li>\n<\/ul>\n<p><a href=\"http:\/\/www.rudolstadt-web.de\/SE\/wp-content\/uploads\/2008\/06\/10260003-1.jpg\"><img loading=\"lazy\" decoding=\"async\" class=\"alignnone size-full wp-image-106\" title=\"10260003-1\" src=\"http:\/\/www.rudolstadt-web.de\/SE\/wp-content\/uploads\/2008\/06\/10260003-1.jpg\" alt=\"\" width=\"500\" height=\"375\" srcset=\"http:\/\/www.rudolstadt-web.de\/SE\/wp-content\/uploads\/2008\/06\/10260003-1.jpg 640w, http:\/\/www.rudolstadt-web.de\/SE\/wp-content\/uploads\/2008\/06\/10260003-1-300x225.jpg 300w\" sizes=\"auto, (max-width: 500px) 100vw, 500px\" \/><\/a><\/p>\n<p><a href=\"http:\/\/www.rudolstadt-web.de\/SE\/wp-content\/uploads\/2008\/06\/10260002-1.jpg\"><img loading=\"lazy\" decoding=\"async\" class=\"alignnone size-full wp-image-105\" title=\"10260002-1\" src=\"http:\/\/www.rudolstadt-web.de\/SE\/wp-content\/uploads\/2008\/06\/10260002-1.jpg\" alt=\"\" width=\"500\" height=\"375\" srcset=\"http:\/\/www.rudolstadt-web.de\/SE\/wp-content\/uploads\/2008\/06\/10260002-1.jpg 640w, http:\/\/www.rudolstadt-web.de\/SE\/wp-content\/uploads\/2008\/06\/10260002-1-300x225.jpg 300w\" sizes=\"auto, (max-width: 500px) 100vw, 500px\" \/><\/a><\/p>\n<p><a href=\"http:\/\/www.rudolstadt-web.de\/SE\/wp-content\/uploads\/2008\/06\/10260001-1.jpg\"><img loading=\"lazy\" decoding=\"async\" class=\"alignnone size-full wp-image-104\" title=\"10260001-1\" src=\"http:\/\/www.rudolstadt-web.de\/SE\/wp-content\/uploads\/2008\/06\/10260001-1.jpg\" alt=\"\" width=\"500\" height=\"375\" srcset=\"http:\/\/www.rudolstadt-web.de\/SE\/wp-content\/uploads\/2008\/06\/10260001-1.jpg 640w, http:\/\/www.rudolstadt-web.de\/SE\/wp-content\/uploads\/2008\/06\/10260001-1-300x225.jpg 300w\" sizes=\"auto, (max-width: 500px) 100vw, 500px\" \/><\/a><\/p>\n","protected":false},"excerpt":{"rendered":"<p>Culture Club war die erste Theatergruppe, die sich an der Schillerschule formiert hat. Folgende St\u00fccke wurden erarbeitet und aufgef\u00fchrt: Toleranz Todesspiele Menschliches Bilder zum Sch\u00fclertheatertreffen aus dem Jahr 2002<\/p>\n","protected":false},"author":1,"featured_media":0,"parent":5,"menu_order":1,"comment_status":"closed","ping_status":"open","template":"","meta":{"footnotes":""},"class_list":["post-7","page","type-page","status-publish","hentry"],"_links":{"self":[{"href":"http:\/\/www.schillers-erben.info\/index.php?rest_route=\/wp\/v2\/pages\/7","targetHints":{"allow":["GET"]}}],"collection":[{"href":"http:\/\/www.schillers-erben.info\/index.php?rest_route=\/wp\/v2\/pages"}],"about":[{"href":"http:\/\/www.schillers-erben.info\/index.php?rest_route=\/wp\/v2\/types\/page"}],"author":[{"embeddable":true,"href":"http:\/\/www.schillers-erben.info\/index.php?rest_route=\/wp\/v2\/users\/1"}],"replies":[{"embeddable":true,"href":"http:\/\/www.schillers-erben.info\/index.php?rest_route=%2Fwp%2Fv2%2Fcomments&post=7"}],"version-history":[{"count":0,"href":"http:\/\/www.schillers-erben.info\/index.php?rest_route=\/wp\/v2\/pages\/7\/revisions"}],"up":[{"embeddable":true,"href":"http:\/\/www.schillers-erben.info\/index.php?rest_route=\/wp\/v2\/pages\/5"}],"wp:attachment":[{"href":"http:\/\/www.schillers-erben.info\/index.php?rest_route=%2Fwp%2Fv2%2Fmedia&parent=7"}],"curies":[{"name":"wp","href":"https:\/\/api.w.org\/{rel}","templated":true}]}}