{"id":46,"date":"2007-12-01T14:22:58","date_gmt":"2007-12-01T13:22:58","guid":{"rendered":"http:\/\/www.rudolstadt-web.de\/SE\/impressum\/"},"modified":"2010-12-23T19:44:07","modified_gmt":"2010-12-23T18:44:07","slug":"impressum","status":"publish","type":"page","link":"http:\/\/www.schillers-erben.info\/?page_id=46","title":{"rendered":"Impressum"},"content":{"rendered":"<p>Hinweise gem. \u00a7 6 des Teledienstegesetzes (TDG) in der  Fassung des Gesetzes \u00fcber rechtliche Rahmenbedingungen f\u00fcr den elektronischen  Gesch\u00e4ftsverkehr.<\/p>\n<p>Anbieter und Urheber dieser Website:<\/p>\n<p>Silke Bernhardt und Erik Bachmann<br \/>\nSchillerstr 14<br \/>\n07407 Rudolstadt\/  Th\u00fcringen<br \/>\nFestnetztelefon: +49 3672 412527<br \/>\nE-Mail:<a href=\"mailto:info@schillers-erben.info\"> info@schillers-erben.info<\/a><\/p>\n<p>Jede Nutzung der Texte, Grafiken und des Layouts bedarf einer vorherigen Honorarvereinbarung mit dem Urheber.<\/p>\n<p><strong>Rechtliche Hinweise zur Haftung<\/strong><\/p>\n<p>Die Anbieter \u00fcbernehmen keinerlei Gew\u00e4hr f\u00fcr die Aktualit\u00e4t, Korrektheit,  Vollst\u00e4ndigkeit oder Qualit\u00e4t der bereitgestellten Informationen sowie deren  Links. Haftungsanspr\u00fcche gegen die Anbieter, welche sich auf Sch\u00e4den materieller  oder ideeller Art beziehen, die durch die Nutzung oder Nichtnutzung der  dargebotenen Informationen bzw. durch die Nutzung fehlerhafter und  unvollst\u00e4ndiger Informationen verursacht wurden, sind grunds\u00e4tzlich  ausgeschlossen.<\/p>\n<p>Trotz sorgf\u00e4ltiger inhaltlicher Kontrolle \u00fcbernehmen wir keine Haftung f\u00fcr  die Inhalte externer Links. F\u00fcr den Inhalt der verlinkten Seiten sind  ausschlie\u00dflich deren Betreiber verantwortlich.<\/p>\n","protected":false},"excerpt":{"rendered":"<p>Hinweise gem. \u00a7 6 des Teledienstegesetzes (TDG) in der Fassung des Gesetzes \u00fcber rechtliche Rahmenbedingungen f\u00fcr den elektronischen Gesch\u00e4ftsverkehr. Anbieter und Urheber dieser Website: Silke Bernhardt und Erik Bachmann Schillerstr 14 07407 Rudolstadt\/ Th\u00fcringen Festnetztelefon: +49 3672 412527 E-Mail: info@schillers-erben.info Jede Nutzung der Texte, Grafiken und des Layouts bedarf einer vorherigen Honorarvereinbarung mit dem Urheber. [&hellip;]<\/p>\n","protected":false},"author":1,"featured_media":0,"parent":0,"menu_order":7,"comment_status":"closed","ping_status":"closed","template":"","meta":{"footnotes":""},"class_list":["post-46","page","type-page","status-publish","hentry"],"_links":{"self":[{"href":"http:\/\/www.schillers-erben.info\/index.php?rest_route=\/wp\/v2\/pages\/46","targetHints":{"allow":["GET"]}}],"collection":[{"href":"http:\/\/www.schillers-erben.info\/index.php?rest_route=\/wp\/v2\/pages"}],"about":[{"href":"http:\/\/www.schillers-erben.info\/index.php?rest_route=\/wp\/v2\/types\/page"}],"author":[{"embeddable":true,"href":"http:\/\/www.schillers-erben.info\/index.php?rest_route=\/wp\/v2\/users\/1"}],"replies":[{"embeddable":true,"href":"http:\/\/www.schillers-erben.info\/index.php?rest_route=%2Fwp%2Fv2%2Fcomments&post=46"}],"version-history":[{"count":0,"href":"http:\/\/www.schillers-erben.info\/index.php?rest_route=\/wp\/v2\/pages\/46\/revisions"}],"wp:attachment":[{"href":"http:\/\/www.schillers-erben.info\/index.php?rest_route=%2Fwp%2Fv2%2Fmedia&parent=46"}],"curies":[{"name":"wp","href":"https:\/\/api.w.org\/{rel}","templated":true}]}}