{"id":12,"date":"2007-11-27T21:32:15","date_gmt":"2007-11-27T20:32:15","guid":{"rendered":"http:\/\/www.rudolstadt-web.de\/SE\/?page_id=12"},"modified":"2010-12-23T19:21:04","modified_gmt":"2010-12-23T18:21:04","slug":"chefsache","status":"publish","type":"page","link":"http:\/\/www.schillers-erben.info\/?page_id=12","title":{"rendered":"&#8211; Chefsache"},"content":{"rendered":"<p>Das Video wurde anl\u00e4\u00dflich der Schillerehrung 2007 aufgef\u00fchrt.<br \/>\n<object classid=\"clsid:d27cdb6e-ae6d-11cf-96b8-444553540000\" width=\"400\" height=\"315\" codebase=\"http:\/\/download.macromedia.com\/pub\/shockwave\/cabs\/flash\/swflash.cab#version=6,0,40,0\"><param name=\"src\" value=\"http:\/\/www.humyo.com\/E\/3028375-148144517\" \/><embed type=\"application\/x-shockwave-flash\" width=\"400\" height=\"315\" src=\"http:\/\/www.humyo.com\/E\/3028375-148144517\"><\/embed><\/object><\/p>\n","protected":false},"excerpt":{"rendered":"<p>Das Video wurde anl\u00e4\u00dflich der Schillerehrung 2007 aufgef\u00fchrt.<\/p>\n","protected":false},"author":1,"featured_media":0,"parent":9,"menu_order":0,"comment_status":"closed","ping_status":"closed","template":"","meta":{"footnotes":""},"class_list":["post-12","page","type-page","status-publish","hentry"],"_links":{"self":[{"href":"http:\/\/www.schillers-erben.info\/index.php?rest_route=\/wp\/v2\/pages\/12","targetHints":{"allow":["GET"]}}],"collection":[{"href":"http:\/\/www.schillers-erben.info\/index.php?rest_route=\/wp\/v2\/pages"}],"about":[{"href":"http:\/\/www.schillers-erben.info\/index.php?rest_route=\/wp\/v2\/types\/page"}],"author":[{"embeddable":true,"href":"http:\/\/www.schillers-erben.info\/index.php?rest_route=\/wp\/v2\/users\/1"}],"replies":[{"embeddable":true,"href":"http:\/\/www.schillers-erben.info\/index.php?rest_route=%2Fwp%2Fv2%2Fcomments&post=12"}],"version-history":[{"count":0,"href":"http:\/\/www.schillers-erben.info\/index.php?rest_route=\/wp\/v2\/pages\/12\/revisions"}],"up":[{"embeddable":true,"href":"http:\/\/www.schillers-erben.info\/index.php?rest_route=\/wp\/v2\/pages\/9"}],"wp:attachment":[{"href":"http:\/\/www.schillers-erben.info\/index.php?rest_route=%2Fwp%2Fv2%2Fmedia&parent=12"}],"curies":[{"name":"wp","href":"https:\/\/api.w.org\/{rel}","templated":true}]}}